{"id":120,"date":"1986-03-07T06:28:35","date_gmt":"1986-03-07T06:28:35","guid":{"rendered":"https:\/\/test.meiyahg.com\/?page_id=120"},"modified":"2025-11-25T01:34:55","modified_gmt":"2025-11-25T01:34:55","slug":"hakkinda","status":"publish","type":"page","link":"https:\/\/auromatik.com\/tr\/hakkinda\/","title":{"rendered":"Hakk\u0131m\u0131zda"},"content":{"rendered":"<section class=\"section\" id=\"section_923901317\">\n\t\t<div class=\"section-bg fill\" >\n\t\t\t\t\t\t\t\t\t\n\t\t\t\n\n\t\t<\/div>\n\n\t\t\n\n\t\t<div class=\"section-content relative\">\n\t\t\t\n<div class=\"container section-title-container\" ><h2 class=\"section-title section-title-center\"><b><\/b><span class=\"section-title-main\" >Hakk\u0131m\u0131zda<\/span><b><\/b><\/h2><\/div>\n<div class=\"row row-small\"  id=\"row-1777892937\">\n\n\t<div id=\"col-429632967\" class=\"col medium-6 small-12 large-6\"  >\n\t\t\t\t<div class=\"col-inner\"  >\n\t\t\t\n\t\t\t\n\t<div class=\"img has-hover x md-x lg-x y md-y lg-y\" id=\"image_1780861699\">\n\t\t\t\t\t\t\t\t<div class=\"img-inner dark\" >\n\t\t\t\t\t\t\t\t\t\n\t\t\t\t\t<\/div>\n\t\t\t\t\t\t\t\t\n<style>\n#image_1780861699 {\n  width: 100%;\n}\n<\/style>\n\t<\/div>\n\t\n\t\t<\/div>\n\t\t\t\t\t<\/div>\n\n\t\n\n\t<div id=\"col-1148815649\" class=\"col medium-6 small-11 large-6\"  >\n\t\t\t\t<div class=\"col-inner\"  >\n\t\t\t\n\t\t\t\n\t<div id=\"gap-304118431\" class=\"gap-element clearfix\" style=\"display:block; height:auto;\">\n\t\t\n<style>\n#gap-304118431 {\n  padding-top: 0px;\n}\n<\/style>\n\t<\/div>\n\t\n\t<div id=\"gap-1360169361\" class=\"gap-element clearfix\" style=\"display:block; height:auto;\">\n\t\t\n<style>\n#gap-1360169361 {\n  padding-top: 6px;\n}\n<\/style>\n\t<\/div>\n\t\n\t<div class=\"img has-hover x md-x lg-x y md-y lg-y\" id=\"image_479716675\">\n\t\t\t\t\t\t\t\t<div class=\"img-inner dark\" >\n\t\t\t\t\t\t\t\t\t\n\t\t\t\t\t<\/div>\n\t\t\t\t\t\t\t\t\n<style>\n#image_479716675 {\n  width: 100%;\n}\n<\/style>\n\t<\/div>\n\t\n\t\t<\/div>\n\t\t\t\t\t<\/div>\n\n\t\n\n\t<div id=\"col-847142358\" class=\"col small-12 large-12\"  >\n\t\t\t\t<div class=\"col-inner\"  >\n\t\t\t\n\t\t\t\n<p>Dongguan Auto Print Tech Co, Ltd Dongguan, \u00c7in'de bulunan bir otomatik bask\u0131 sistemi \u00fcreticisidir. Otomatik serigrafi bask\u0131 ve s\u0131cak damgalama ekipman\u0131 tasarlamaya ve \u00fcretmeye 2012 y\u0131l\u0131nda ba\u015flam\u0131\u015ft\u0131r. Otomatik bask\u0131 makinelerimiz \u00e7ok y\u00f6nl\u00fcd\u00fcr ve kozmetik kaplar\u0131, otomotiv par\u00e7alar\u0131, t\u0131bbi par\u00e7alar ve g\u0131da ambalajlar\u0131 gibi \u00e7e\u015fitli sekt\u00f6rlerde uygulama alan\u0131 bulmaktad\u0131r.<\/p>\n<p>M\u00fckemmellik taahh\u00fcd\u00fcm\u00fcz\u00fcn bir par\u00e7as\u0131 olarak, premium markam\u0131z\u0131 da tan\u0131tt\u0131k <strong>\u00aeAuroMatik<\/strong>\u00fcst d\u00fczey otomatik bask\u0131 \u00e7\u00f6z\u00fcmlerinde uzmanla\u015fm\u0131\u015ft\u0131r. \u00aeAuroMatik, Auto Print Tech alt\u0131nda faaliyet g\u00f6stermektedir ve kendi kurulu\u015fu olan AuroMatik Precision Limited'i kurmu\u015ftur. M\u00fc\u015fterilerimize daha iyi hizmet verebilmek i\u00e7in Hong Kong'da kay\u0131tl\u0131d\u0131r.<\/p>\n<p>\ud83d\udc49 Daha fazla bilgi i\u00e7in <span style=\"color: #2d69d2;\"><a style=\"color: #2d69d2;\" href=\"https:\/\/auromatik.com\/tr\/?page_id=3563&amp;preview=true\">Marka G\u00fcncelleme Duyurusu<\/a><\/span> ve <span style=\"color: #2d69d2;\"><a style=\"color: #2d69d2;\" href=\"https:\/\/auromatik.com\/tr\/?p=3577&amp;preview=true\">Kar\u015f\u0131n\u0131zda AuroMatik Precision Limited<\/a><\/span> makaleler.<\/p>\n<p><strong>Otomatik Bask\u0131 Teknolojisi<\/strong>\u00a0deneyimli bir m\u00fchendislik ekibi taraf\u0131ndan desteklenen m\u00fckemmel bask\u0131 \u00e7\u00f6z\u00fcmleri, kurulum, e\u011fitim ve teknik destek sa\u011flamaya kendini adam\u0131\u015ft\u0131r.<\/p>\n<p><strong>Otomatik Bask\u0131 Teknik De\u011ferleri<\/strong><br \/>Pratik bir yakla\u015f\u0131m\u0131 s\u00fcrd\u00fcr\u00fcn, m\u00fckemmelli\u011fi hedefleyin, aktif \u00f6\u011frenme, ele\u015ftirel d\u00fc\u015f\u00fcnme, h\u0131zl\u0131 hareket etme.<\/p>\n<p><strong>Otomatik Bask\u0131 Teknik G\u00f6revi<\/strong><br \/>\u00d6n\u00fcm\u00fczdeki 5 y\u0131l i\u00e7inde 200'den fazla i\u015fletmeye ola\u011fan\u00fcst\u00fc hizmetler sunmaya kendimizi adayaca\u011f\u0131z, \u00e7\u00fcnk\u00fc her i\u015fletme birinci s\u0131n\u0131f ekipmanlar\u0131n yaratt\u0131\u011f\u0131 de\u011ferden yararlanmay\u0131 hak ediyor.<\/p>\n\t\t<\/div>\n\t\t\t\t\t<\/div>\n\n\t\n<\/div>\n\t\t<\/div>\n\n\t\t\n<style>\n#section_923901317 {\n  padding-top: 30px;\n  padding-bottom: 30px;\n  background-color: rgb(255, 255, 255);\n}\n<\/style>\n\t<\/section>\n\t\n\n\t<section class=\"section\" id=\"section_1157681104\">\n\t\t<div class=\"section-bg fill\" >\n\t\t\t\t\t\t\t\t\t\n\t\t\t\n\n\t\t<\/div>\n\n\t\t\n\n\t\t<div class=\"section-content relative\">\n\t\t\t\n<div class=\"container section-title-container\" ><h2 class=\"section-title section-title-center\"><b><\/b><span class=\"section-title-main\" >Logo G\u00fcncellemesi<\/span><b><\/b><\/h2><\/div>\n<div class=\"row\"  id=\"row-1575505197\">\n\n\t<div id=\"col-820594721\" class=\"col small-12 large-12\"  >\n\t\t\t\t<div class=\"col-inner\"  >\n\t\t\t\n\t\t\t\n<p>Yeniden markala\u015fma \u00e7al\u0131\u015fmalar\u0131m\u0131z\u0131n bir par\u00e7as\u0131 olarak, geli\u015fen i\u015fimizi ve sundu\u011fumuz \u00fcst d\u00fczey \u00e7\u00f6z\u00fcmleri daha iyi yans\u0131tmak i\u00e7in logomuzu g\u00fcncelledik. Eskiden farkl\u0131 bir logomuz vard\u0131. \u015eimdi, gelece\u011fe odakl\u0131 vizyonumuza ve yeni \u00fcr\u00fcnlerimizin lansman\u0131na uygun yeni ve modern bir tasar\u0131ma sahibiz. <strong>\u00aeAuroMatik.<\/strong> Yeni logomuz a\u015fa\u011f\u0131dad\u0131r:<\/p>\n<div class=\"row align-middle\"  id=\"row-1772299217\">\n\n\t<div id=\"col-446373944\" class=\"col medium-1 small-12 large-1\"  >\n\t\t\t\t<div class=\"col-inner\"  >\n\t\t\t\n\t\t\t\n\t\t<\/div>\n\t\t\t\t\t<\/div>\n\n\t\n\n\t<div id=\"col-1268846983\" class=\"col medium-4 small-12 large-4\"  >\n\t\t\t\t<div class=\"col-inner\"  >\n\t\t\t\n\t\t\t\n\t<div class=\"img has-hover x md-x lg-x y md-y lg-y\" id=\"image_278279384\">\n\t\t\t\t\t\t\t\t<div class=\"img-inner dark\" >\n\t\t\t<img decoding=\"async\" width=\"226\" height=\"198\" src=\"https:\/\/auromatik.com\/wp-content\/uploads\/2023\/04\/screen_printing.webp.webp\" class=\"attachment-original size-original\" alt=\"\" \/>\t\t\t\t\t\t\n\t\t\t\t\t<\/div>\n\t\t\t\t\t\t\t\t\n<style>\n#image_278279384 {\n  width: 84%;\n}\n<\/style>\n\t<\/div>\n\t\n\t\t<\/div>\n\t\t\t\t\t<\/div>\n\n\t\n\n\t<div id=\"col-34420631\" class=\"col medium-2 small-12 large-2\"  >\n\t\t\t\t<div class=\"col-inner\"  >\n\t\t\t\n\t\t\t\n\t<div class=\"img has-hover x md-x lg-x y md-y lg-y\" id=\"image_892871123\">\n\t\t\t\t\t\t\t\t<div class=\"img-inner dark\" >\n\t\t\t<img decoding=\"async\" width=\"1\" height=\"1\" src=\"https:\/\/auromatik.com\/wp-content\/uploads\/2025\/09\/arrow-pointing-right.svg\" class=\"attachment-large size-large\" alt=\"\" \/>\t\t\t\t\t\t\n\t\t\t\t\t<\/div>\n\t\t\t\t\t\t\t\t\n<style>\n#image_892871123 {\n  width: 100%;\n}\n<\/style>\n\t<\/div>\n\t\n\t\t<\/div>\n\t\t\t\t\t<\/div>\n\n\t\n\n\t<div id=\"col-966857206\" class=\"col medium-4 small-12 large-4\"  >\n\t\t\t\t<div class=\"col-inner\"  >\n\t\t\t\n\t\t\t\n\t<div class=\"img has-hover x md-x lg-x y md-y lg-y\" id=\"image_583315559\">\n\t\t\t\t\t\t\t\t<div class=\"img-inner dark\" >\n\t\t\t<img decoding=\"async\" width=\"800\" height=\"600\" src=\"https:\/\/auromatik.com\/wp-content\/uploads\/2025\/08\/auromatik.com_logo.webp\" class=\"attachment-large size-large\" alt=\"\" srcset=\"https:\/\/auromatik.com\/wp-content\/uploads\/2025\/08\/auromatik.com_logo.webp 800w, https:\/\/auromatik.com\/wp-content\/uploads\/2025\/08\/auromatik.com_logo-300x225.webp 300w, https:\/\/auromatik.com\/wp-content\/uploads\/2025\/08\/auromatik.com_logo-768x576.webp 768w, https:\/\/auromatik.com\/wp-content\/uploads\/2025\/08\/auromatik.com_logo-16x12.webp 16w\" sizes=\"(max-width: 800px) 100vw, 800px\" \/>\t\t\t\t\t\t\n\t\t\t\t\t<\/div>\n\t\t\t\t\t\t\t\t\n<style>\n#image_583315559 {\n  width: 100%;\n}\n<\/style>\n\t<\/div>\n\t\n\t\t<\/div>\n\t\t\t\t\t<\/div>\n\n\t\n\n\t<div id=\"col-783361907\" class=\"col medium-1 small-12 large-1\"  >\n\t\t\t\t<div class=\"col-inner\"  >\n\t\t\t\n\t\t\t\n\t\t<\/div>\n\t\t\t\t\t<\/div>\n\n\t\n<\/div>\n\t\t<\/div>\n\t\t\t\t\t<\/div>\n\n\t\n<\/div>\n\t\t<\/div>\n\n\t\t\n<style>\n#section_1157681104 {\n  padding-top: 30px;\n  padding-bottom: 30px;\n}\n<\/style>\n\t<\/section>\n\t\n\n\t<section class=\"section\" id=\"section_905290524\">\n\t\t<div class=\"section-bg fill\" >\n\t\t\t\t\t\t\t\t\t\n\t\t\t\n\n\t\t<\/div>\n\n\t\t\n\n\t\t<div class=\"section-content relative\">\n\t\t\t\n<div class=\"container section-title-container\" ><h2 class=\"section-title section-title-center\"><b><\/b><span class=\"section-title-main\" >Sertifikalar<\/span><b><\/b><\/h2><\/div>\n<div class=\"row\"  id=\"row-400342769\">\n\n\t<div id=\"col-1202991016\" class=\"col medium-6 small-12 large-6\"  >\n\t\t\t\t<div class=\"col-inner\"  >\n\t\t\t\n\t\t\t\n\t<div class=\"img has-hover x md-x lg-x y md-y lg-y\" id=\"image_837796038\">\n\t\t\t\t\t\t\t\t<div class=\"img-inner dark\" >\n\t\t\t<img decoding=\"async\" width=\"635\" height=\"870\" src=\"https:\/\/auromatik.com\/wp-content\/uploads\/2023\/07\/automatic_screen_printing_machine-1.webp\" class=\"attachment-original size-original\" alt=\"otomatik ekran bask\u0131s\u0131\" srcset=\"https:\/\/auromatik.com\/wp-content\/uploads\/2023\/07\/automatic_screen_printing_machine-1.webp 635w, https:\/\/auromatik.com\/wp-content\/uploads\/2023\/07\/automatic_screen_printing_machine-1-510x699.webp 510w, https:\/\/auromatik.com\/wp-content\/uploads\/2023\/07\/automatic_screen_printing_machine-1-219x300.webp 219w, https:\/\/auromatik.com\/wp-content\/uploads\/2023\/07\/automatic_screen_printing_machine-1-600x822.webp 600w\" sizes=\"(max-width: 635px) 100vw, 635px\" \/>\t\t\t\t\t\t\n\t\t\t\t\t<\/div>\n\t\t\t\t\t\t\t\t\n<style>\n#image_837796038 {\n  width: 100%;\n}\n<\/style>\n\t<\/div>\n\t\n\t\t<\/div>\n\t\t\t\t\t<\/div>\n\n\t\n\n\t<div id=\"col-926694080\" class=\"col medium-6 small-12 large-6\"  >\n\t\t\t\t<div class=\"col-inner\"  >\n\t\t\t\n\t\t\t\n\t<div class=\"img has-hover x md-x lg-x y md-y lg-y\" id=\"image_860769069\">\n\t\t\t\t\t\t\t\t<div class=\"img-inner dark\" >\n\t\t\t<img decoding=\"async\" width=\"275\" height=\"386\" src=\"https:\/\/auromatik.com\/wp-content\/uploads\/2023\/07\/automatic_screen_print_machine.webp\" class=\"attachment-original size-original\" alt=\"otomati\u0307k serigrafi\u0307 baski maki\u0307nesi\u0307\" srcset=\"https:\/\/auromatik.com\/wp-content\/uploads\/2023\/07\/automatic_screen_print_machine.webp 275w, https:\/\/auromatik.com\/wp-content\/uploads\/2023\/07\/automatic_screen_print_machine-214x300.webp 214w\" sizes=\"(max-width: 275px) 100vw, 275px\" \/>\t\t\t\t\t\t\n\t\t\t\t\t<\/div>\n\t\t\t\t\t\t\t\t\n<style>\n#image_860769069 {\n  width: 100%;\n}\n<\/style>\n\t<\/div>\n\t\n\t\t<\/div>\n\t\t\t\t\t<\/div>\n\n\t\n<\/div>\n\n  \n    <div class=\"row hidden large-columns-4 medium-columns-3 small-columns-2 row-xsmall\" >\n  <div class=\"gallery-col col\" >\n          <div class=\"col-inner\">\n            <a class=\"image-lightbox lightbox-gallery\" href=\"https:\/\/auromatik.com\/wp-content\/uploads\/2019\/04\/cert3.jpg\" title=\"\">            <div class=\"box has-hover gallery-box box-overlay dark\">\n              <div class=\"box-image\" >\n                <img decoding=\"async\" width=\"214\" height=\"300\" src=\"https:\/\/auromatik.com\/wp-content\/uploads\/2019\/04\/cert3-214x300.jpg\" class=\"attachment-medium size-medium\" alt=\"\" ids=\"312,313,314,315\" col_spacing=\"xsmall\" visibility=\"hidden\" srcset=\"https:\/\/auromatik.com\/wp-content\/uploads\/2019\/04\/cert3-214x300.jpg 214w, https:\/\/auromatik.com\/wp-content\/uploads\/2019\/04\/cert3-510x714.jpg 510w, https:\/\/auromatik.com\/wp-content\/uploads\/2019\/04\/cert3.jpg 600w\" sizes=\"(max-width: 214px) 100vw, 214px\" \/>                                  <div class=\"overlay fill\"\n                      style=\"background-color: rgba(0,0,0,.15)\">\n                  <\/div>\n                                                              <\/div>\n              <div class=\"box-text text-left\" >\n                 <p><\/p>\n              <\/div>\n            <\/div>\n            <\/a>          <\/div>\n         <\/div><div class=\"gallery-col col\" >\n          <div class=\"col-inner\">\n            <a class=\"image-lightbox lightbox-gallery\" href=\"https:\/\/auromatik.com\/wp-content\/uploads\/2019\/04\/cert2.jpg\" title=\"\">            <div class=\"box has-hover gallery-box box-overlay dark\">\n              <div class=\"box-image\" >\n                <img decoding=\"async\" width=\"214\" height=\"300\" src=\"https:\/\/auromatik.com\/wp-content\/uploads\/2019\/04\/cert2-214x300.jpg\" class=\"attachment-medium size-medium\" alt=\"\" ids=\"312,313,314,315\" col_spacing=\"xsmall\" visibility=\"hidden\" srcset=\"https:\/\/auromatik.com\/wp-content\/uploads\/2019\/04\/cert2-214x300.jpg 214w, https:\/\/auromatik.com\/wp-content\/uploads\/2019\/04\/cert2-510x714.jpg 510w, https:\/\/auromatik.com\/wp-content\/uploads\/2019\/04\/cert2.jpg 600w\" sizes=\"(max-width: 214px) 100vw, 214px\" \/>                                  <div class=\"overlay fill\"\n                      style=\"background-color: rgba(0,0,0,.15)\">\n                  <\/div>\n                                                              <\/div>\n              <div class=\"box-text text-left\" >\n                 <p><\/p>\n              <\/div>\n            <\/div>\n            <\/a>          <\/div>\n         <\/div><div class=\"gallery-col col\" >\n          <div class=\"col-inner\">\n            <a class=\"image-lightbox lightbox-gallery\" href=\"https:\/\/auromatik.com\/wp-content\/uploads\/2019\/04\/cert4.jpg\" title=\"\">            <div class=\"box has-hover gallery-box box-overlay dark\">\n              <div class=\"box-image\" >\n                <img decoding=\"async\" width=\"214\" height=\"300\" src=\"https:\/\/auromatik.com\/wp-content\/uploads\/2019\/04\/cert4-214x300.jpg\" class=\"attachment-medium size-medium\" alt=\"\" ids=\"312,313,314,315\" col_spacing=\"xsmall\" visibility=\"hidden\" srcset=\"https:\/\/auromatik.com\/wp-content\/uploads\/2019\/04\/cert4-214x300.jpg 214w, https:\/\/auromatik.com\/wp-content\/uploads\/2019\/04\/cert4-510x714.jpg 510w, https:\/\/auromatik.com\/wp-content\/uploads\/2019\/04\/cert4.jpg 600w\" sizes=\"(max-width: 214px) 100vw, 214px\" \/>                                  <div class=\"overlay fill\"\n                      style=\"background-color: rgba(0,0,0,.15)\">\n                  <\/div>\n                                                              <\/div>\n              <div class=\"box-text text-left\" >\n                 <p><\/p>\n              <\/div>\n            <\/div>\n            <\/a>          <\/div>\n         <\/div><div class=\"gallery-col col\" >\n          <div class=\"col-inner\">\n            <a class=\"image-lightbox lightbox-gallery\" href=\"https:\/\/auromatik.com\/wp-content\/uploads\/2019\/04\/cert1.jpg\" title=\"\">            <div class=\"box has-hover gallery-box box-overlay dark\">\n              <div class=\"box-image\" >\n                <img decoding=\"async\" width=\"214\" height=\"300\" src=\"https:\/\/auromatik.com\/wp-content\/uploads\/2019\/04\/cert1-214x300.jpg\" class=\"attachment-medium size-medium\" alt=\"\" ids=\"312,313,314,315\" col_spacing=\"xsmall\" visibility=\"hidden\" srcset=\"https:\/\/auromatik.com\/wp-content\/uploads\/2019\/04\/cert1-214x300.jpg 214w, https:\/\/auromatik.com\/wp-content\/uploads\/2019\/04\/cert1-510x714.jpg 510w, https:\/\/auromatik.com\/wp-content\/uploads\/2019\/04\/cert1.jpg 600w\" sizes=\"(max-width: 214px) 100vw, 214px\" \/>                                  <div class=\"overlay fill\"\n                      style=\"background-color: rgba(0,0,0,.15)\">\n                  <\/div>\n                                                              <\/div>\n              <div class=\"box-text text-left\" >\n                 <p><\/p>\n              <\/div>\n            <\/div>\n            <\/a>          <\/div>\n         <\/div><\/div>\n\t\t<\/div>\n\n\t\t\n<style>\n#section_905290524 {\n  padding-top: 30px;\n  padding-bottom: 30px;\n  background-color: rgb(255, 255, 255);\n}\n<\/style>\n\t<\/section>","protected":false},"excerpt":{"rendered":"","protected":false},"author":110201,"featured_media":0,"parent":0,"menu_order":0,"comment_status":"closed","ping_status":"closed","template":"page-blank.php","meta":{"footnotes":""},"class_list":["post-120","page","type-page","status-publish","hentry"],"yoast_head":"<!-- This site is optimized with the Yoast SEO plugin v23.8 - https:\/\/yoast.com\/wordpress\/plugins\/seo\/ -->\n<title>About Us - AuroMatik<\/title>\n<meta name=\"robots\" content=\"index, follow, max-snippet:-1, max-image-preview:large, max-video-preview:-1\" \/>\n<link rel=\"canonical\" href=\"https:\/\/auromatik.com\/tr\/hakkinda\/\" \/>\n<meta property=\"og:locale\" content=\"tr_TR\" \/>\n<meta property=\"og:type\" content=\"article\" \/>\n<meta property=\"og:title\" content=\"About Us - AuroMatik\" \/>\n<meta property=\"og:url\" content=\"https:\/\/auromatik.com\/tr\/hakkinda\/\" \/>\n<meta property=\"og:site_name\" content=\"AuroMatik\" \/>\n<meta property=\"article:publisher\" content=\"https:\/\/www.facebook.com\/auromatik\" \/>\n<meta property=\"article:modified_time\" content=\"2025-11-25T01:34:55+00:00\" \/>\n<meta name=\"twitter:card\" content=\"summary_large_image\" \/>\n<meta name=\"twitter:label1\" content=\"Tahmini okuma s\u00fcresi\" \/>\n\t<meta name=\"twitter:data1\" content=\"2 dakika\" \/>\n<script type=\"application\/ld+json\" class=\"yoast-schema-graph\">{\"@context\":\"https:\/\/schema.org\",\"@graph\":[{\"@type\":\"WebPage\",\"@id\":\"https:\/\/auromatik.com\/about\/\",\"url\":\"https:\/\/auromatik.com\/about\/\",\"name\":\"About Us - AuroMatik\",\"isPartOf\":{\"@id\":\"https:\/\/auromatik.com\/#website\"},\"datePublished\":\"1986-03-07T06:28:35+00:00\",\"dateModified\":\"2025-11-25T01:34:55+00:00\",\"breadcrumb\":{\"@id\":\"https:\/\/auromatik.com\/about\/#breadcrumb\"},\"inLanguage\":\"tr\",\"potentialAction\":[{\"@type\":\"ReadAction\",\"target\":[\"https:\/\/auromatik.com\/about\/\"]}]},{\"@type\":\"BreadcrumbList\",\"@id\":\"https:\/\/auromatik.com\/about\/#breadcrumb\",\"itemListElement\":[{\"@type\":\"ListItem\",\"position\":1,\"name\":\"Home\",\"item\":\"https:\/\/auromatik.com\/\"},{\"@type\":\"ListItem\",\"position\":2,\"name\":\"About Us\"}]},{\"@type\":\"WebSite\",\"@id\":\"https:\/\/auromatik.com\/#website\",\"url\":\"https:\/\/auromatik.com\/\",\"name\":\"AuroMatik\",\"description\":\"\",\"publisher\":{\"@id\":\"https:\/\/auromatik.com\/#organization\"},\"potentialAction\":[{\"@type\":\"SearchAction\",\"target\":{\"@type\":\"EntryPoint\",\"urlTemplate\":\"https:\/\/auromatik.com\/?s={search_term_string}\"},\"query-input\":{\"@type\":\"PropertyValueSpecification\",\"valueRequired\":true,\"valueName\":\"search_term_string\"}}],\"inLanguage\":\"tr\"},{\"@type\":\"Organization\",\"@id\":\"https:\/\/auromatik.com\/#organization\",\"name\":\"AuroMatik\",\"alternateName\":\"Dongguan Auto Print Tech Co., Ltd.\",\"url\":\"https:\/\/auromatik.com\/\",\"logo\":{\"@type\":\"ImageObject\",\"inLanguage\":\"tr\",\"@id\":\"https:\/\/auromatik.com\/#\/schema\/logo\/image\/\",\"url\":\"https:\/\/auromatik.com\/wp-content\/uploads\/2025\/11\/auromatik-new-logo.webp\",\"contentUrl\":\"https:\/\/auromatik.com\/wp-content\/uploads\/2025\/11\/auromatik-new-logo.webp\",\"width\":1000,\"height\":707,\"caption\":\"AuroMatik\"},\"image\":{\"@id\":\"https:\/\/auromatik.com\/#\/schema\/logo\/image\/\"},\"sameAs\":[\"https:\/\/www.facebook.com\/auromatik\",\"https:\/\/www.instagram.com\/auromatik\",\"https:\/\/www.linkedin.com\/company\/auromatik\/\",\"https:\/\/www.youtube.com\/@auromatik\"]}]}<\/script>\n<!-- \/ Yoast SEO plugin. -->","yoast_head_json":{"title":"About Us - AuroMatik","robots":{"index":"index","follow":"follow","max-snippet":"max-snippet:-1","max-image-preview":"max-image-preview:large","max-video-preview":"max-video-preview:-1"},"canonical":"https:\/\/auromatik.com\/tr\/hakkinda\/","og_locale":"tr_TR","og_type":"article","og_title":"About Us - AuroMatik","og_url":"https:\/\/auromatik.com\/tr\/hakkinda\/","og_site_name":"AuroMatik","article_publisher":"https:\/\/www.facebook.com\/auromatik","article_modified_time":"2025-11-25T01:34:55+00:00","twitter_card":"summary_large_image","twitter_misc":{"Tahmini okuma s\u00fcresi":"2 dakika"},"schema":{"@context":"https:\/\/schema.org","@graph":[{"@type":"WebPage","@id":"https:\/\/auromatik.com\/about\/","url":"https:\/\/auromatik.com\/about\/","name":"About Us - AuroMatik","isPartOf":{"@id":"https:\/\/auromatik.com\/#website"},"datePublished":"1986-03-07T06:28:35+00:00","dateModified":"2025-11-25T01:34:55+00:00","breadcrumb":{"@id":"https:\/\/auromatik.com\/about\/#breadcrumb"},"inLanguage":"tr","potentialAction":[{"@type":"ReadAction","target":["https:\/\/auromatik.com\/about\/"]}]},{"@type":"BreadcrumbList","@id":"https:\/\/auromatik.com\/about\/#breadcrumb","itemListElement":[{"@type":"ListItem","position":1,"name":"Home","item":"https:\/\/auromatik.com\/"},{"@type":"ListItem","position":2,"name":"About Us"}]},{"@type":"WebSite","@id":"https:\/\/auromatik.com\/#website","url":"https:\/\/auromatik.com\/","name":"AuroMatik","description":"","publisher":{"@id":"https:\/\/auromatik.com\/#organization"},"potentialAction":[{"@type":"SearchAction","target":{"@type":"EntryPoint","urlTemplate":"https:\/\/auromatik.com\/?s={search_term_string}"},"query-input":{"@type":"PropertyValueSpecification","valueRequired":true,"valueName":"search_term_string"}}],"inLanguage":"tr"},{"@type":"Organization","@id":"https:\/\/auromatik.com\/#organization","name":"AuroMatik","alternateName":"Dongguan Auto Print Tech Co., Ltd.","url":"https:\/\/auromatik.com\/","logo":{"@type":"ImageObject","inLanguage":"tr","@id":"https:\/\/auromatik.com\/#\/schema\/logo\/image\/","url":"https:\/\/auromatik.com\/wp-content\/uploads\/2025\/11\/auromatik-new-logo.webp","contentUrl":"https:\/\/auromatik.com\/wp-content\/uploads\/2025\/11\/auromatik-new-logo.webp","width":1000,"height":707,"caption":"AuroMatik"},"image":{"@id":"https:\/\/auromatik.com\/#\/schema\/logo\/image\/"},"sameAs":["https:\/\/www.facebook.com\/auromatik","https:\/\/www.instagram.com\/auromatik","https:\/\/www.linkedin.com\/company\/auromatik\/","https:\/\/www.youtube.com\/@auromatik"]}]}},"_links":{"self":[{"href":"https:\/\/auromatik.com\/tr\/wp-json\/wp\/v2\/pages\/120","targetHints":{"allow":["GET"]}}],"collection":[{"href":"https:\/\/auromatik.com\/tr\/wp-json\/wp\/v2\/pages"}],"about":[{"href":"https:\/\/auromatik.com\/tr\/wp-json\/wp\/v2\/types\/page"}],"author":[{"embeddable":true,"href":"https:\/\/auromatik.com\/tr\/wp-json\/wp\/v2\/users\/110201"}],"replies":[{"embeddable":true,"href":"https:\/\/auromatik.com\/tr\/wp-json\/wp\/v2\/comments?post=120"}],"version-history":[{"count":13,"href":"https:\/\/auromatik.com\/tr\/wp-json\/wp\/v2\/pages\/120\/revisions"}],"predecessor-version":[{"id":3679,"href":"https:\/\/auromatik.com\/tr\/wp-json\/wp\/v2\/pages\/120\/revisions\/3679"}],"wp:attachment":[{"href":"https:\/\/auromatik.com\/tr\/wp-json\/wp\/v2\/media?parent=120"}],"curies":[{"name":"wp","href":"https:\/\/api.w.org\/{rel}","templated":true}]}}