{"id":59,"date":"1986-03-05T06:22:51","date_gmt":"1986-03-05T06:22:51","guid":{"rendered":"https:\/\/test.meiyahg.com\/?page_id=59"},"modified":"2025-11-13T08:20:41","modified_gmt":"2025-11-13T08:20:41","slug":"entre-em-contato-conosco","status":"publish","type":"page","link":"https:\/\/auromatik.com\/pt\/entre-em-contato-conosco\/","title":{"rendered":"Entre em contato conosco"},"content":{"rendered":"<section class=\"section\" id=\"section_549623319\">\n\t\t<div class=\"section-bg fill\" >\n\t\t\t\t\t\t\t\t\t\n\t\t\t\n\n\t\t<\/div>\n\n\t\t\n\n\t\t<div class=\"section-content relative\">\n\t\t\t\n<div class=\"row\"  id=\"row-172242375\">\n\n\t<div id=\"col-538969016\" class=\"col medium-6 small-12 large-6\"  >\n\t\t\t\t<div class=\"col-inner\"  >\n\t\t\t\n\t\t\t\n\n<div class=\"wpcf7 no-js\" id=\"wpcf7-f127-o1\" lang=\"en-US\" dir=\"ltr\" data-wpcf7-id=\"127\">\n<div class=\"screen-reader-response\"><p role=\"status\" aria-live=\"polite\" aria-atomic=\"true\"><\/p> <ul><\/ul><\/div>\n<form action=\"\/pt\/wp-json\/wp\/v2\/pages\/59#wpcf7-f127-o1\" method=\"post\" class=\"wpcf7-form init\" aria-label=\"Formul\u00e1rio de contato\" novalidate=\"novalidate\" data-status=\"init\" data-trp-original-action=\"\/pt\/wp-json\/wp\/v2\/pages\/59#wpcf7-f127-o1\">\n<div style=\"display: none;\">\n<input type=\"hidden\" name=\"_wpcf7\" value=\"127\" \/>\n<input type=\"hidden\" name=\"_wpcf7_version\" value=\"6.0\" \/>\n<input type=\"hidden\" name=\"_wpcf7_locale\" value=\"en_US\" \/>\n<input type=\"hidden\" name=\"_wpcf7_unit_tag\" value=\"wpcf7-f127-o1\" \/>\n<input type=\"hidden\" name=\"_wpcf7_container_post\" value=\"0\" \/>\n<input type=\"hidden\" name=\"_wpcf7_posted_data_hash\" value=\"\" \/>\n<input type=\"hidden\" name=\"_wpcf7dtx_version\" value=\"5.0.0\" \/>\n<\/div>\n<p><label>Nome *<br \/>\n<span class=\"wpcf7-form-control-wrap\" data-name=\"your-name\"><input size=\"40\" maxlength=\"400\" class=\"wpcf7-form-control wpcf7-text wpcf7-validates-as-required\" aria-required=\"true\" aria-invalid=\"false\" value=\"\" type=\"text\" name=\"your-name\" \/><\/span> <\/label>\n<\/p>\n<p><label>E-mail *<br \/>\n<span class=\"wpcf7-form-control-wrap\" data-name=\"your-email\"><input size=\"40\" maxlength=\"400\" class=\"wpcf7-form-control wpcf7-email wpcf7-validates-as-required wpcf7-text wpcf7-validates-as-email\" aria-required=\"true\" aria-invalid=\"false\" value=\"\" type=\"email\" name=\"your-email\" \/><\/span> <\/label>\n<\/p>\n<p><label>Telefone<br \/>\n<span class=\"wpcf7-form-control-wrap\" data-name=\"your-phone\"><input size=\"40\" maxlength=\"400\" class=\"wpcf7-form-control wpcf7-text\" aria-invalid=\"false\" value=\"\" type=\"text\" name=\"your-phone\" \/><\/span> <\/label><br \/>\n<label>Pa\u00eds<br \/>\n<span class=\"wpcf7-form-control-wrap\" data-name=\"your-country\"><input size=\"40\" maxlength=\"400\" class=\"wpcf7-form-control wpcf7-text\" aria-invalid=\"false\" value=\"\" type=\"text\" name=\"your-country\" \/><\/span> <\/label>\n<\/p>\n<p><label> Sua mensagem *<br \/>\n<span class=\"wpcf7-form-control-wrap\" data-name=\"your-message\"><textarea cols=\"40\" rows=\"10\" maxlength=\"2000\" minlength=\"25\" class=\"wpcf7-form-control wpcf7-textarea wpcf7-validates-as-required\" aria-required=\"true\" aria-invalid=\"false\" name=\"your-message\"><\/textarea><\/span> <\/label>\n<\/p>\n<div class=\"none_none\">\n\t<p><span class=\"wpcf7-form-control-wrap form-url\" data-name=\"form-url\"><input type=\"text\" name=\"form-url\" id=\"\" class=\"wpcf7-form-control wpcf7-text wpcf7dtx wpcf7dtx-text\" aria-invalid=\"false\" value=\"https:\/\/auromatik.com\/pt\/pt\/wp-json\/wp\/v2\/pages\/59\" \/><\/span>\n\t<\/p>\n<\/div>\n<div style=\"margin-bottom:25px;\">\n\t<p><div class=\"cf7-cf-turnstile\" style=\"margin-top: 0px; margin-bottom: -15px;\"> <div id=\"cf-turnstile-cf7-3593819438\" class=\"cf-turnstile\" data-sitekey=\"0x4AAAAAACAfBso6xghRZxXm\" data-theme=\"light\" data-language=\"auto\" data-size=\"normal\" data-retry=\"auto\" data-retry-interval=\"1000\" data-action=\"contact-form-7\" data-appearance=\"always\"><\/div> <script>document.addEventListener(\"DOMContentLoaded\", function() { setTimeout(function(){ var e=document.getElementById(\"cf-turnstile-cf7-3593819438\"); e&&!e.innerHTML.trim()&&(turnstile.remove(\"#cf-turnstile-cf7-3593819438\"), turnstile.render(\"#cf-turnstile-cf7-3593819438\", {sitekey:\"0x4AAAAAACAfBso6xghRZxXm\"})); }, 0); });<\/script> <br class=\"cf-turnstile-br cf-turnstile-br-cf7-3593819438\"> <style>#cf-turnstile-cf7-3593819438 { margin-left: -15px; }<\/style> <script>document.addEventListener(\"DOMContentLoaded\",function(){document.querySelectorAll('.wpcf7-form').forEach(function(e){e.addEventListener('submit',function(){if(document.getElementById('cf-turnstile-cf7-3593819438')){setTimeout(function(){turnstile.reset('#cf-turnstile-cf7-3593819438');},1000)}})})});<\/script> <\/div>\n\t<\/p>\n<\/div>\n<p><input class=\"wpcf7-form-control wpcf7-submit has-spinner\" type=\"submit\" value=\"Enviar\" \/>\n<\/p><div class=\"wpcf7-response-output\" aria-hidden=\"true\"><\/div>\n<input type=\"hidden\" name=\"trp-form-language\" value=\"pt\"\/><\/form>\n<\/div>\n\n\t\t<\/div>\n\t\t\t\t\t<\/div>\n\n\t\n\n\t<div id=\"col-1520880398\" class=\"col medium-6 small-12 large-6 small-col-first\"  >\n\t\t\t\t<div class=\"col-inner\"  >\n\t\t\t\n\t\t\t\n<h1>Entre em contato conosco<\/h1>\n<p>Obrigado por seu interesse na AuroMatik. Preencha o formul\u00e1rio para que possamos prestar um servi\u00e7o r\u00e1pido e eficaz. Se for um assunto urgente, entre em contato conosco por telefone.<\/p>\n\n\t\t<div class=\"icon-box featured-box icon-box-left text-left\"  >\n\t\t\t\t\t<div class=\"icon-box-img\" style=\"width: 20px\">\n\t\t\t\t<div class=\"icon\">\n\t\t\t\t\t<div class=\"icon-inner\" >\n\t\t\t\t\t\t<img decoding=\"async\" width=\"256\" height=\"256\" src=\"https:\/\/auromatik.com\/wp-content\/uploads\/2019\/03\/envelope-1.png\" class=\"attachment-medium size-medium\" alt=\"\" srcset=\"https:\/\/auromatik.com\/wp-content\/uploads\/2019\/03\/envelope-1.png 256w, https:\/\/auromatik.com\/wp-content\/uploads\/2019\/03\/envelope-1-100x100.png 100w, https:\/\/auromatik.com\/wp-content\/uploads\/2019\/03\/envelope-1-150x150.png 150w\" sizes=\"(max-width: 256px) 100vw, 256px\" \/>\t\t\t\t\t<\/div>\n\t\t\t\t<\/div>\n\t\t\t<\/div>\n\t\t\t\t<div class=\"icon-box-text last-reset\">\n\t\t\t\t\t\t\t\t\t\n<h4>Envie-nos um e-mail<\/h4>\n<p><a href=\"mailto:info@auromatik.com\"> info@auromatik.com<\/a><\/p>\n\t\t<\/div>\n\t<\/div>\n\t\n\t\n\t<div id=\"gap-1088159939\" class=\"gap-element clearfix\" style=\"display:block; height:auto;\">\n\t\t\n<style>\n#gap-1088159939 {\n  padding-top: 15px;\n}\n<\/style>\n\t<\/div>\n\t\n\n\t\t<div class=\"icon-box featured-box icon-box-left text-left\"  >\n\t\t\t\t\t<div class=\"icon-box-img\" style=\"width: 20px\">\n\t\t\t\t<div class=\"icon\">\n\t\t\t\t\t<div class=\"icon-inner\" >\n\t\t\t\t\t\t<img decoding=\"async\" width=\"128\" height=\"128\" src=\"https:\/\/auromatik.com\/wp-content\/uploads\/2019\/03\/headphones.png\" class=\"attachment-medium size-medium\" alt=\"\" srcset=\"https:\/\/auromatik.com\/wp-content\/uploads\/2019\/03\/headphones.png 128w, https:\/\/auromatik.com\/wp-content\/uploads\/2019\/03\/headphones-100x100.png 100w\" sizes=\"(max-width: 128px) 100vw, 128px\" \/>\t\t\t\t\t<\/div>\n\t\t\t\t<\/div>\n\t\t\t<\/div>\n\t\t\t\t<div class=\"icon-box-text last-reset\">\n\t\t\t\t\t\t\t\t\t\n<h4>Suporte 24\/7<\/h4>\n<p>Telefone: +86 769 22880119<\/p>\n<p>Whatsapp: +8618925895115<\/p>\n<p>\u00a0<\/p>\n\t\t<\/div>\n\t<\/div>\n\t\n\t\n\n\t\t<div class=\"icon-box featured-box icon-box-left text-left\"  >\n\t\t\t\t\t<div class=\"icon-box-img\" style=\"width: 20px\">\n\t\t\t\t<div class=\"icon\">\n\t\t\t\t\t<div class=\"icon-inner\" >\n\t\t\t\t\t\t<img decoding=\"async\" width=\"128\" height=\"128\" src=\"https:\/\/auromatik.com\/wp-content\/uploads\/2019\/03\/placeholder.png\" class=\"attachment-medium size-medium\" alt=\"\" srcset=\"https:\/\/auromatik.com\/wp-content\/uploads\/2019\/03\/placeholder.png 128w, https:\/\/auromatik.com\/wp-content\/uploads\/2019\/03\/placeholder-100x100.png 100w\" sizes=\"(max-width: 128px) 100vw, 128px\" \/>\t\t\t\t\t<\/div>\n\t\t\t\t<\/div>\n\t\t\t<\/div>\n\t\t\t\t<div class=\"icon-box-text last-reset\">\n\t\t\t\t\t\t\t\t\t\n<h4>Endere\u00e7o<\/h4>\n<p>Rm1311 Huakai Building No.10 Shenghe Road Nancheng District DongGuan 523071 GD CHINA<\/p>\n\t\t<\/div>\n\t<\/div>\n\t\n\t\n\t<div id=\"gap-1913933454\" class=\"gap-element clearfix\" style=\"display:block; height:auto;\">\n\t\t\n<style>\n#gap-1913933454 {\n  padding-top: 15px;\n}\n<\/style>\n\t<\/div>\n\t\n\t\t<\/div>\n\t\t\t\t\t<\/div>\n\n\t\n<\/div>\n\t\t<\/div>\n\n\t\t\n<style>\n#section_549623319 {\n  padding-top: 30px;\n  padding-bottom: 30px;\n}\n@media (min-width:850px) {\n  #section_549623319 {\n    padding-top: 60px;\n    padding-bottom: 60px;\n  }\n}\n<\/style>\n\t<\/section>","protected":false},"excerpt":{"rendered":"","protected":false},"author":110201,"featured_media":0,"parent":0,"menu_order":0,"comment_status":"closed","ping_status":"closed","template":"page-blank.php","meta":{"footnotes":""},"class_list":["post-59","page","type-page","status-publish","hentry"],"yoast_head":"<!-- This site is optimized with the Yoast SEO plugin v23.8 - https:\/\/yoast.com\/wordpress\/plugins\/seo\/ -->\n<title>Contact Us - AuroMatik<\/title>\n<meta name=\"robots\" content=\"index, follow, max-snippet:-1, max-image-preview:large, max-video-preview:-1\" \/>\n<link rel=\"canonical\" href=\"https:\/\/auromatik.com\/pt\/entre-em-contato-conosco\/\" \/>\n<meta property=\"og:locale\" content=\"pt_BR\" \/>\n<meta property=\"og:type\" content=\"article\" \/>\n<meta property=\"og:title\" content=\"Contact Us - AuroMatik\" \/>\n<meta property=\"og:url\" content=\"https:\/\/auromatik.com\/pt\/entre-em-contato-conosco\/\" \/>\n<meta property=\"og:site_name\" content=\"AuroMatik\" \/>\n<meta property=\"article:publisher\" content=\"https:\/\/www.facebook.com\/auromatik\" \/>\n<meta property=\"article:modified_time\" content=\"2025-11-13T08:20:41+00:00\" \/>\n<meta name=\"twitter:card\" content=\"summary_large_image\" \/>\n<meta name=\"twitter:label1\" content=\"Est. tempo de leitura\" \/>\n\t<meta name=\"twitter:data1\" content=\"1 minuto\" \/>\n<script type=\"application\/ld+json\" class=\"yoast-schema-graph\">{\"@context\":\"https:\/\/schema.org\",\"@graph\":[{\"@type\":\"WebPage\",\"@id\":\"https:\/\/auromatik.com\/contact-us\/\",\"url\":\"https:\/\/auromatik.com\/contact-us\/\",\"name\":\"Contact Us - AuroMatik\",\"isPartOf\":{\"@id\":\"https:\/\/auromatik.com\/#website\"},\"datePublished\":\"1986-03-05T06:22:51+00:00\",\"dateModified\":\"2025-11-13T08:20:41+00:00\",\"breadcrumb\":{\"@id\":\"https:\/\/auromatik.com\/contact-us\/#breadcrumb\"},\"inLanguage\":\"pt-BR\",\"potentialAction\":[{\"@type\":\"ReadAction\",\"target\":[\"https:\/\/auromatik.com\/contact-us\/\"]}]},{\"@type\":\"BreadcrumbList\",\"@id\":\"https:\/\/auromatik.com\/contact-us\/#breadcrumb\",\"itemListElement\":[{\"@type\":\"ListItem\",\"position\":1,\"name\":\"Home\",\"item\":\"https:\/\/auromatik.com\/\"},{\"@type\":\"ListItem\",\"position\":2,\"name\":\"Contact Us\"}]},{\"@type\":\"WebSite\",\"@id\":\"https:\/\/auromatik.com\/#website\",\"url\":\"https:\/\/auromatik.com\/\",\"name\":\"AuroMatik\",\"description\":\"\",\"publisher\":{\"@id\":\"https:\/\/auromatik.com\/#organization\"},\"potentialAction\":[{\"@type\":\"SearchAction\",\"target\":{\"@type\":\"EntryPoint\",\"urlTemplate\":\"https:\/\/auromatik.com\/?s={search_term_string}\"},\"query-input\":{\"@type\":\"PropertyValueSpecification\",\"valueRequired\":true,\"valueName\":\"search_term_string\"}}],\"inLanguage\":\"pt-BR\"},{\"@type\":\"Organization\",\"@id\":\"https:\/\/auromatik.com\/#organization\",\"name\":\"AuroMatik\",\"alternateName\":\"Dongguan Auto Print Tech Co., Ltd.\",\"url\":\"https:\/\/auromatik.com\/\",\"logo\":{\"@type\":\"ImageObject\",\"inLanguage\":\"pt-BR\",\"@id\":\"https:\/\/auromatik.com\/#\/schema\/logo\/image\/\",\"url\":\"https:\/\/auromatik.com\/wp-content\/uploads\/2025\/11\/auromatik-new-logo.webp\",\"contentUrl\":\"https:\/\/auromatik.com\/wp-content\/uploads\/2025\/11\/auromatik-new-logo.webp\",\"width\":1000,\"height\":707,\"caption\":\"AuroMatik\"},\"image\":{\"@id\":\"https:\/\/auromatik.com\/#\/schema\/logo\/image\/\"},\"sameAs\":[\"https:\/\/www.facebook.com\/auromatik\",\"https:\/\/www.instagram.com\/auromatik\",\"https:\/\/www.linkedin.com\/company\/auromatik\/\",\"https:\/\/www.youtube.com\/@auromatik\"]}]}<\/script>\n<!-- \/ Yoast SEO plugin. -->","yoast_head_json":{"title":"Contact Us - AuroMatik","robots":{"index":"index","follow":"follow","max-snippet":"max-snippet:-1","max-image-preview":"max-image-preview:large","max-video-preview":"max-video-preview:-1"},"canonical":"https:\/\/auromatik.com\/pt\/entre-em-contato-conosco\/","og_locale":"pt_BR","og_type":"article","og_title":"Contact Us - AuroMatik","og_url":"https:\/\/auromatik.com\/pt\/entre-em-contato-conosco\/","og_site_name":"AuroMatik","article_publisher":"https:\/\/www.facebook.com\/auromatik","article_modified_time":"2025-11-13T08:20:41+00:00","twitter_card":"summary_large_image","twitter_misc":{"Est. tempo de leitura":"1 minuto"},"schema":{"@context":"https:\/\/schema.org","@graph":[{"@type":"WebPage","@id":"https:\/\/auromatik.com\/contact-us\/","url":"https:\/\/auromatik.com\/contact-us\/","name":"Contact Us - AuroMatik","isPartOf":{"@id":"https:\/\/auromatik.com\/#website"},"datePublished":"1986-03-05T06:22:51+00:00","dateModified":"2025-11-13T08:20:41+00:00","breadcrumb":{"@id":"https:\/\/auromatik.com\/contact-us\/#breadcrumb"},"inLanguage":"pt-BR","potentialAction":[{"@type":"ReadAction","target":["https:\/\/auromatik.com\/contact-us\/"]}]},{"@type":"BreadcrumbList","@id":"https:\/\/auromatik.com\/contact-us\/#breadcrumb","itemListElement":[{"@type":"ListItem","position":1,"name":"Home","item":"https:\/\/auromatik.com\/"},{"@type":"ListItem","position":2,"name":"Contact Us"}]},{"@type":"WebSite","@id":"https:\/\/auromatik.com\/#website","url":"https:\/\/auromatik.com\/","name":"AuroMatik","description":"","publisher":{"@id":"https:\/\/auromatik.com\/#organization"},"potentialAction":[{"@type":"SearchAction","target":{"@type":"EntryPoint","urlTemplate":"https:\/\/auromatik.com\/?s={search_term_string}"},"query-input":{"@type":"PropertyValueSpecification","valueRequired":true,"valueName":"search_term_string"}}],"inLanguage":"pt-BR"},{"@type":"Organization","@id":"https:\/\/auromatik.com\/#organization","name":"AuroMatik","alternateName":"Dongguan Auto Print Tech Co., Ltd.","url":"https:\/\/auromatik.com\/","logo":{"@type":"ImageObject","inLanguage":"pt-BR","@id":"https:\/\/auromatik.com\/#\/schema\/logo\/image\/","url":"https:\/\/auromatik.com\/wp-content\/uploads\/2025\/11\/auromatik-new-logo.webp","contentUrl":"https:\/\/auromatik.com\/wp-content\/uploads\/2025\/11\/auromatik-new-logo.webp","width":1000,"height":707,"caption":"AuroMatik"},"image":{"@id":"https:\/\/auromatik.com\/#\/schema\/logo\/image\/"},"sameAs":["https:\/\/www.facebook.com\/auromatik","https:\/\/www.instagram.com\/auromatik","https:\/\/www.linkedin.com\/company\/auromatik\/","https:\/\/www.youtube.com\/@auromatik"]}]}},"_links":{"self":[{"href":"https:\/\/auromatik.com\/pt\/wp-json\/wp\/v2\/pages\/59","targetHints":{"allow":["GET"]}}],"collection":[{"href":"https:\/\/auromatik.com\/pt\/wp-json\/wp\/v2\/pages"}],"about":[{"href":"https:\/\/auromatik.com\/pt\/wp-json\/wp\/v2\/types\/page"}],"author":[{"embeddable":true,"href":"https:\/\/auromatik.com\/pt\/wp-json\/wp\/v2\/users\/110201"}],"replies":[{"embeddable":true,"href":"https:\/\/auromatik.com\/pt\/wp-json\/wp\/v2\/comments?post=59"}],"version-history":[{"count":5,"href":"https:\/\/auromatik.com\/pt\/wp-json\/wp\/v2\/pages\/59\/revisions"}],"predecessor-version":[{"id":3596,"href":"https:\/\/auromatik.com\/pt\/wp-json\/wp\/v2\/pages\/59\/revisions\/3596"}],"wp:attachment":[{"href":"https:\/\/auromatik.com\/pt\/wp-json\/wp\/v2\/media?parent=59"}],"curies":[{"name":"wp","href":"https:\/\/api.w.org\/{rel}","templated":true}]}}